{"id":25,"date":"2013-11-16T00:00:00","date_gmt":"2013-11-16T00:00:00","guid":{"rendered":"http:\/\/www.sparklingnight.fi\/index.php\/getting-started\/"},"modified":"2026-04-29T15:34:08","modified_gmt":"2026-04-29T13:34:08","slug":"getting-started","status":"publish","type":"page","link":"https:\/\/www.sparklingnight.fi\/","title":{"rendered":"Home"},"content":{"rendered":"<p>Sparkling Kev\u00e4tn\u00e4yt\u00f6s<\/p>\n<p>Kuninkaankadun katukuvassa jo useampana vuonna ihastuttanut kev\u00e4tn\u00e4yt\u00f6s tulee taas 23.5., kun Sparkling Nightin yritykset esittelev\u00e4t kev\u00e4\u00e4n ja kes\u00e4n muotia.N\u00e4yt\u00f6s alkaa klo 16.00. Muotin\u00e4yt\u00f6ksen suosikkiasut p\u00e4\u00e4set shoppailemaan heti n\u00e4yt\u00f6ksen p\u00e4\u00e4tytty\u00e4, sill\u00e4 n\u00e4yt\u00f6ksen j\u00e4lkeen yritykset palvelevat klo 18.00 saakka.Ilmaistapahtuma.@boutiquecameo@candidaoy@kauppahuoneriveri_rauma@cafe_sali@silmaoptikotpalmu@noiehair@westlookrauma@alusasuliikehelmi@heidiadesign@kotivakka<\/p>\n<p>SPARKLING NIGHT -YRITT\u00c4J\u00c4T<\/p>\n<p>Sparkling Night on vuosittain Raumalla j\u00e4rjestett\u00e4v\u00e4 muotigaala, jossa paikalliset yritykset esittelev\u00e4t kauden uutuuksia ja trendej\u00e4. Seuraava Sparkling Night on j\u00e4rjestyksess\u00e4\u00e4n jo kahdeskymmenes.Sparkling Night XX tulee olemaan t\u00e4n\u00e4kin vuonna yksi suurimmista, ellei suurin Suomessa j\u00e4rjestett\u00e4v\u00e4 muotin\u00e4yt\u00f6s, mik\u00e4 on valtava ponnistus kymmenelt\u00e4 Vanhan Rauman kivijalkaliikkeelt\u00e4. Tapahtuman liput on myyty loppuun jo useana vuonna. Alta p\u00e4\u00e4set aistimaan viime vuoden tunnelmia.<\/p>\n<p>Ota yhteytt\u00e4<\/p>\n<p>Voit ottaa yhteytt\u00e4 Sparkling Nightiin joko Facebookin\/Messengerin tai alla olevien s\u00e4hk\u00f6postien kautta.<\/p>\n<p>MANU AADELI<\/p>\n<p>IIDA LAMPI<\/p>\n<p><!-- {\"name\":\"Home\",\"type\":\"layout\",\"children\":[{\"name\":\"Hero\",\"type\":\"section\",\"props\":{\"width\":\"default\",\"padding\":\"\",\"style\":\"default\",\"text_color\":\"light\",\"media\":\"images\\\/home-header.jpg\",\"height_viewport\":true,\"header_overlay\":\"light\",\"image\":\"wp-content\\\/uploads\\\/Hero-BG-web-2.png\",\"media_advanced\":true,\"image_size\":\"cover\",\"media_background\":\"#fff\",\"media_overlay\":\"rgba(243, 107, 191, 0.14)\",\"height\":\"full\",\"animation\":\"slide-bottom-small\",\"header_transparent\":\"\",\"image_position\":\"center-center\",\"vertical_align\":\"middle\",\"title_position\":\"top-left\",\"title_rotation\":\"left\",\"title_breakpoint\":\"xl\",\"image_width\":\"1800\",\"overlap\":false,\"padding_remove_top\":false,\"padding_remove_bottom\":false},\"children\":[{\"name\":\"\",\"type\":\"row\",\"props\":{\"fixed_width\":\"auto\",\"breakpoint\":\"\",\"layout\":\"1-1\",\"vertical_align\":true,\"gutter\":\"medium\",\"margin\":\"\"},\"children\":[{\"name\":\"\",\"type\":\"column\",\"props\":{\"image_position\":\"center-center\",\"widths\":[\"1-1\"]},\"children\":[{\"name\":\"\",\"type\":\"image\",\"props\":{\"margin\":\"default\",\"image\":\"wp-content\\\/uploads\\\/Hero-Image-web-2.png\",\"text_align\":\"center\",\"image_width\":\"500\",\"image_height\":\"\",\"animation\":\"slide-top-medium\",\"image_box_shadow_bottom\":true,\"image_box_shadow\":\"\"}}]}]},{\"name\":\"\",\"type\":\"row\",\"props\":{\"fixed_width\":\"large\",\"breakpoint\":\"m\",\"layout\":\"1-1\"},\"children\":[{\"name\":\"\",\"type\":\"column\",\"props\":{\"widths\":[\"1-1\"],\"image_position\":\"center-center\"},\"children\":[{\"name\":\"\",\"type\":\"image\",\"props\":{\"margin\":\"default\",\"image\":\"wp-content\\\/uploads\\\/Hero-text-web.png\",\"image_width\":\"500\",\"text_align\":\"center\"}}]}]}]},{\"name\":\"Image\",\"type\":\"section\",\"props\":{\"style\":\"default\",\"width\":\"default\",\"image_position\":\"center-center\",\"image\":\"wp-content\\\/uploads\\\/ZSC_4791.jpg\",\"image_size\":\"cover\",\"image_fixed\":true,\"height\":\"\",\"css\":\".el-section > [class*='uk-background-'] { min-height: 50vh; }\",\"vertical_align\":\"middle\",\"title_position\":\"top-left\",\"title_rotation\":\"left\",\"title_breakpoint\":\"xl\",\"image_width\":\"1920\",\"image_effect\":\"fixed\"},\"children\":[{\"name\":\"\",\"type\":\"row\",\"props\":{\"fixed_width\":\"large\",\"breakpoint\":\"m\",\"layout\":\"1-1\"},\"children\":[{\"name\":\"\",\"type\":\"column\",\"props\":{\"widths\":[\"1-1\"],\"image_position\":\"center-center\"}}]}]},{\"name\":\"Menu\",\"type\":\"section\",\"props\":{\"style\":\"default\",\"width\":\"default\",\"image_position\":\"bottom-left\",\"padding\":\"large\",\"animation\":\"fade\",\"animation_delay\":false,\"image\":\"\",\"image_visibility\":\"l\",\"vertical_align\":\"middle\",\"title_position\":\"top-left\",\"title_rotation\":\"left\",\"title_breakpoint\":\"xl\",\"preserve_color\":false},\"children\":[{\"name\":\"\",\"type\":\"row\",\"props\":{\"fixed_width\":\"large\",\"breakpoint\":\"m\",\"layout\":\"1-1\"},\"children\":[{\"name\":\"\",\"type\":\"column\",\"props\":{\"widths\":[\"1-1\"],\"image_position\":\"center-center\"},\"children\":[{\"name\":\"\",\"type\":\"headline\",\"props\":{\"title_element\":\"h2\",\"content\":\"Sparkling Kev\\u00e4tn\\u00e4yt\\u00f6s\",\"margin_remove_bottom\":true,\"title_color\":\"danger\"}},{\"name\":\"\",\"type\":\"countdown\",\"props\":{\"show_separator\":true,\"show_label\":true,\"gutter\":\"small\",\"label_margin\":\"small\",\"margin\":\"default\",\"date\":\"2026-05-23T16:00:00\",\"label_days\":\"P\\u00e4iv\\u00e4\\u00e4\",\"label_hours\":\"Tuntia\",\"label_minutes\":\"Minuuttia\",\"label_seconds\":\"Sekuntia\"}},{\"name\":\"\",\"type\":\"headline\",\"props\":{\"title_element\":\"h4\",\"content\":\"\",\"margin_remove_bottom\":false,\"margin_remove_top\":true}},{\"name\":\"\",\"type\":\"text\",\"props\":{\"margin\":\"default\",\"column_breakpoint\":\"m\",\"content\":\"\n\n<p style=\\\"font-weight: 400;\\\">Kuninkaankadun katukuvassa jo useampana vuonna ihastuttanut kev\\u00e4tn\\u00e4yt\\u00f6s tulee taas 23.5., kun Sparkling Nightin yritykset esittelev\\u00e4t kev\\u00e4\\u00e4n ja kes\\u00e4n muotia.<br \\\/><br \\\/>N\\u00e4yt\\u00f6s alkaa klo 16.00. Muotin\\u00e4yt\\u00f6ksen suosikkiasut p\\u00e4\\u00e4set shoppailemaan heti n\\u00e4yt\\u00f6ksen p\\u00e4\\u00e4tytty\\u00e4, sill\\u00e4 n\\u00e4yt\\u00f6ksen j\\u00e4lkeen yritykset palvelevat klo 18.00 saakka.<br \\\/><br \\\/>Ilmaistapahtuma.<br \\\/><br \\\/><a class=\\\"x1i10hfl xjbqb8w x1ejq31n xd10rxx x1sy0etr x17r0tee x972fbf xcfux6l x1qhh985 xm0m39n x9f619 x1ypdohk xt0psk2 xe8uvvx xdj266r x11i5rnm xat24cr x1mh8g0r xexx8yu x4uap5 x18d9i69 xkhd6sd x16tdsg8 x1hl2dhg xggy1nq x1a2a7pz notranslate _a6hd\\\" tabindex=\\\"0\\\" role=\\\"link\\\" href=\\\"https:\\\/\\\/www.instagram.com\\\/boutiquecameo\\\/\\\">@boutiquecameo<\\\/a><br \\\/><a class=\\\"x1i10hfl xjbqb8w x1ejq31n xd10rxx x1sy0etr x17r0tee x972fbf xcfux6l x1qhh985 xm0m39n x9f619 x1ypdohk xt0psk2 xe8uvvx xdj266r x11i5rnm xat24cr x1mh8g0r xexx8yu x4uap5 x18d9i69 xkhd6sd x16tdsg8 x1hl2dhg xggy1nq x1a2a7pz notranslate _a6hd\\\" tabindex=\\\"0\\\" role=\\\"link\\\" href=\\\"https:\\\/\\\/www.instagram.com\\\/candidaoy\\\/\\\">@candidaoy<\\\/a><br \\\/><a class=\\\"x1i10hfl xjbqb8w x1ejq31n xd10rxx x1sy0etr x17r0tee x972fbf xcfux6l x1qhh985 xm0m39n x9f619 x1ypdohk xt0psk2 xe8uvvx xdj266r x11i5rnm xat24cr x1mh8g0r xexx8yu x4uap5 x18d9i69 xkhd6sd x16tdsg8 x1hl2dhg xggy1nq x1a2a7pz notranslate _a6hd\\\" tabindex=\\\"0\\\" role=\\\"link\\\" href=\\\"https:\\\/\\\/www.instagram.com\\\/kauppahuoneriveri_rauma\\\/\\\">@kauppahuoneriveri_rauma<\\\/a><br \\\/><a class=\\\"x1i10hfl xjbqb8w x1ejq31n xd10rxx x1sy0etr x17r0tee x972fbf xcfux6l x1qhh985 xm0m39n x9f619 x1ypdohk xt0psk2 xe8uvvx xdj266r x11i5rnm xat24cr x1mh8g0r xexx8yu x4uap5 x18d9i69 xkhd6sd x16tdsg8 x1hl2dhg xggy1nq x1a2a7pz notranslate _a6hd\\\" tabindex=\\\"0\\\" role=\\\"link\\\" href=\\\"https:\\\/\\\/www.instagram.com\\\/cafe_sali\\\/\\\">@cafe_sali<\\\/a><br \\\/><a class=\\\"x1i10hfl xjbqb8w x1ejq31n xd10rxx x1sy0etr x17r0tee x972fbf xcfux6l x1qhh985 xm0m39n x9f619 x1ypdohk xt0psk2 xe8uvvx xdj266r x11i5rnm xat24cr x1mh8g0r xexx8yu x4uap5 x18d9i69 xkhd6sd x16tdsg8 x1hl2dhg xggy1nq x1a2a7pz notranslate _a6hd\\\" tabindex=\\\"0\\\" role=\\\"link\\\" href=\\\"https:\\\/\\\/www.instagram.com\\\/silmaoptikotpalmu\\\/\\\">@silmaoptikotpalmu<\\\/a><br \\\/><a class=\\\"x1i10hfl xjbqb8w x1ejq31n xd10rxx x1sy0etr x17r0tee x972fbf xcfux6l x1qhh985 xm0m39n x9f619 x1ypdohk xt0psk2 xe8uvvx xdj266r x11i5rnm xat24cr x1mh8g0r xexx8yu x4uap5 x18d9i69 xkhd6sd x16tdsg8 x1hl2dhg xggy1nq x1a2a7pz notranslate _a6hd\\\" tabindex=\\\"0\\\" role=\\\"link\\\" href=\\\"https:\\\/\\\/www.instagram.com\\\/noiehair\\\/\\\">@noiehair<\\\/a><br \\\/><a class=\\\"x1i10hfl xjbqb8w x1ejq31n xd10rxx x1sy0etr x17r0tee x972fbf xcfux6l x1qhh985 xm0m39n x9f619 x1ypdohk xt0psk2 xe8uvvx xdj266r x11i5rnm xat24cr x1mh8g0r xexx8yu x4uap5 x18d9i69 xkhd6sd x16tdsg8 x1hl2dhg xggy1nq x1a2a7pz notranslate _a6hd\\\" tabindex=\\\"0\\\" role=\\\"link\\\" href=\\\"https:\\\/\\\/www.instagram.com\\\/westlookrauma\\\/\\\">@westlookrauma<\\\/a><br \\\/><a class=\\\"x1i10hfl xjbqb8w x1ejq31n xd10rxx x1sy0etr x17r0tee x972fbf xcfux6l x1qhh985 xm0m39n x9f619 x1ypdohk xt0psk2 xe8uvvx xdj266r x11i5rnm xat24cr x1mh8g0r xexx8yu x4uap5 x18d9i69 xkhd6sd x16tdsg8 x1hl2dhg xggy1nq x1a2a7pz notranslate _a6hd\\\" tabindex=\\\"0\\\" role=\\\"link\\\" href=\\\"https:\\\/\\\/www.instagram.com\\\/alusasuliikehelmi\\\/\\\">@alusasuliikehelmi<\\\/a><br \\\/><a class=\\\"x1i10hfl xjbqb8w x1ejq31n xd10rxx x1sy0etr x17r0tee x972fbf xcfux6l x1qhh985 xm0m39n x9f619 x1ypdohk xt0psk2 xe8uvvx xdj266r x11i5rnm xat24cr x1mh8g0r xexx8yu x4uap5 x18d9i69 xkhd6sd x16tdsg8 x1hl2dhg xggy1nq x1a2a7pz notranslate _a6hd\\\" tabindex=\\\"0\\\" role=\\\"link\\\" href=\\\"https:\\\/\\\/www.instagram.com\\\/heidiadesign\\\/\\\">@heidiadesign<\\\/a><br \\\/><a class=\\\"x1i10hfl xjbqb8w x1ejq31n xd10rxx x1sy0etr x17r0tee x972fbf xcfux6l x1qhh985 xm0m39n x9f619 x1ypdohk xt0psk2 xe8uvvx xdj266r x11i5rnm xat24cr x1mh8g0r xexx8yu x4uap5 x18d9i69 xkhd6sd x16tdsg8 x1hl2dhg xggy1nq x1a2a7pz notranslate _a6hd\\\" tabindex=\\\"0\\\" role=\\\"link\\\" href=\\\"https:\\\/\\\/www.instagram.com\\\/kotivakka\\\/\\\">@kotivakka<\\\/a><\\\/p>\",\"text_color\":\"danger\"}},{\"name\":\"\",\"type\":\"headline\",\"props\":{\"title_element\":\"h5\",\"content\":\"SPARKLING NIGHT -YRITT\\u00c4J\\u00c4T\",\"margin_remove_bottom\":true,\"title_color\":\"danger\"}}]}]}]},{\"name\":\"Image\",\"type\":\"section\",\"props\":{\"style\":\"default\",\"width\":\"default\",\"image_position\":\"center-center\",\"image\":\"wp-content\\\/uploads\\\/ZSC_3492.jpg\",\"image_size\":\"cover\",\"height\":\"\",\"image_fixed\":true,\"css\":\".el-section > [class*='uk-background-'] { min-height: 50vh; }\",\"vertical_align\":\"middle\",\"title_position\":\"top-left\",\"title_rotation\":\"left\",\"title_breakpoint\":\"xl\",\"image_width\":\"1920\",\"image_effect\":\"fixed\"},\"children\":[{\"name\":\"\",\"type\":\"row\",\"props\":{\"fixed_width\":\"large\",\"breakpoint\":\"m\",\"layout\":\"1-1\"},\"children\":[{\"name\":\"\",\"type\":\"column\",\"props\":{\"image_position\":\"center-center\",\"widths\":[\"1-1\"]}}]}]},{\"name\":\"\",\"type\":\"section\",\"props\":{\"style\":\"default\",\"width\":\"default\",\"vertical_align\":\"middle\",\"title_position\":\"top-left\",\"title_rotation\":\"left\",\"title_breakpoint\":\"xl\",\"image_position\":\"center-center\"},\"children\":[{\"name\":\"\",\"type\":\"row\",\"props\":{\"fixed_width\":\"large\",\"breakpoint\":\"m\",\"layout\":\"1-1\"},\"children\":[{\"name\":\"\",\"type\":\"column\",\"props\":{\"widths\":[\"1-1\"],\"image_position\":\"center-center\"},\"children\":[{\"name\":\"\",\"type\":\"text\",\"props\":{\"margin\":\"default\",\"column_breakpoint\":\"m\",\"content\":\"\n\n<p>Sparkling Night on vuosittain Raumalla j\\u00e4rjestett\\u00e4v\\u00e4 muotigaala, jossa paikalliset yritykset esittelev\\u00e4t kauden uutuuksia ja trendej\\u00e4. <br \\\/>Seuraava Sparkling Night on j\\u00e4rjestyksess\\u00e4\\u00e4n jo kahdeskymmenes.<br \\\/><br \\\/>Sparkling Night XX tulee olemaan t\\u00e4n\\u00e4kin vuonna yksi suurimmista, ellei suurin Suomessa j\\u00e4rjestett\\u00e4v\\u00e4 muotin\\u00e4yt\\u00f6s, mik\\u00e4 on valtava ponnistus kymmenelt\\u00e4 Vanhan Rauman kivijalkaliikkeelt\\u00e4. <br \\\/><br \\\/>Tapahtuman liput on myyty loppuun jo useana vuonna. Alta p\\u00e4\\u00e4set aistimaan viime vuoden tunnelmia.<\\\/p>\"}}]}]}]},{\"name\":\"\",\"type\":\"section\",\"props\":{\"style\":\"default\",\"width\":\"default\",\"vertical_align\":\"middle\",\"title_position\":\"top-left\",\"title_rotation\":\"left\",\"title_breakpoint\":\"xl\",\"image_position\":\"center-center\"},\"children\":[{\"name\":\"\",\"type\":\"row\",\"props\":{\"fixed_width\":\"large\",\"breakpoint\":\"m\",\"layout\":\"1-1\"},\"children\":[{\"name\":\"\",\"type\":\"column\",\"props\":{\"widths\":[\"1-1\"],\"image_position\":\"center-center\"},\"children\":[{\"name\":\"\",\"type\":\"gallery\",\"props\":{\"show_title\":true,\"show_meta\":true,\"show_content\":true,\"show_link\":true,\"show_hover_image\":true,\"grid_default\":\"2\",\"grid_medium\":\"4\",\"overlay_mode\":\"cover\",\"overlay_position\":\"center\",\"overlay_transition\":\"fade\",\"title_element\":\"h3\",\"meta_style\":\"meta\",\"meta_align\":\"bottom\",\"text_align\":\"center\",\"margin\":\"default\",\"grid_small\":\"2\",\"grid_mode\":\"\",\"grid_parallax_y\":160,\"gutter\":\"small\",\"divider\":false,\"lightbox\":false},\"children\":[{\"name\":\"\",\"type\":\"gallery_item\",\"props\":{\"image\":\"wp-content\\\/uploads\\\/Gallery-10.jpg\"}},{\"name\":\"\",\"type\":\"gallery_item\",\"props\":{\"image\":\"wp-content\\\/uploads\\\/Gallery-12.jpg\"}},{\"name\":\"\",\"type\":\"gallery_item\",\"props\":{\"image\":\"wp-content\\\/uploads\\\/Gallery-2.jpg\"}},{\"name\":\"\",\"type\":\"gallery_item\",\"props\":{\"image\":\"wp-content\\\/uploads\\\/Gallery-8.jpg\"}},{\"name\":\"\",\"type\":\"gallery_item\",\"props\":{\"image\":\"wp-content\\\/uploads\\\/Gallery-5.jpg\"}},{\"name\":\"\",\"type\":\"gallery_item\",\"props\":{\"image\":\"wp-content\\\/uploads\\\/Gallery-1.jpg\"}},{\"name\":\"\",\"type\":\"gallery_item\",\"props\":{\"image\":\"wp-content\\\/uploads\\\/Gallery-13.jpg\"}},{\"name\":\"\",\"type\":\"gallery_item\",\"props\":{\"image\":\"wp-content\\\/uploads\\\/Gallery-15.jpg\"}},{\"name\":\"\",\"type\":\"gallery_item\",\"props\":{\"image\":\"wp-content\\\/uploads\\\/Gallery-6.jpg\"}},{\"name\":\"\",\"type\":\"gallery_item\",\"props\":{\"image\":\"wp-content\\\/uploads\\\/Gallery-11.jpg\"}},{\"name\":\"\",\"type\":\"gallery_item\",\"props\":{\"image\":\"wp-content\\\/uploads\\\/Gallery-14.jpg\"}},{\"name\":\"\",\"type\":\"gallery_item\",\"props\":{\"image\":\"wp-content\\\/uploads\\\/Gallery-7.jpg\"}}]}]}]}]},{\"name\":\"Contact\",\"type\":\"section\",\"props\":{\"style\":\"default\",\"width\":\"default\",\"image_position\":\"center-center\",\"padding\":\"large\",\"animation\":\"fade\",\"padding_remove_bottom\":true,\"vertical_align\":\"middle\",\"title_position\":\"top-left\",\"title_rotation\":\"left\",\"title_breakpoint\":\"xl\"},\"children\":[{\"name\":\"\",\"type\":\"row\",\"props\":{\"fixed_width\":\"large\",\"breakpoint\":\"m\",\"layout\":\"1-1\"},\"children\":[{\"name\":\"\",\"type\":\"column\",\"props\":{\"image_position\":\"center-center\",\"widths\":[\"1-1\"]},\"children\":[{\"name\":\"\",\"type\":\"headline\",\"props\":{\"title_element\":\"h2\",\"content\":\"Ota yhteytt\\u00e4\",\"title_style\":\"h1\",\"text_align\":\"center\"}}]}]},{\"name\":\"\",\"type\":\"row\",\"props\":{\"fixed_width\":\"large\",\"breakpoint\":\"m\",\"layout\":\"1-1\",\"width\":\"small\"},\"children\":[{\"name\":\"\",\"type\":\"column\",\"props\":{\"image_position\":\"center-center\",\"widths\":[\"1-1\"]},\"children\":[{\"name\":\"\",\"type\":\"text\",\"props\":{\"column_breakpoint\":\"m\",\"margin\":\"default\",\"content\":\"\n\n<p>Voit ottaa yhteytt\\u00e4 Sparkling Nightiin joko Facebookin\\\/Messengerin tai alla olevien s\\u00e4hk\\u00f6postien kautta.<\\\/p>\",\"text_align\":\"center\",\"maxwidth\":\"xlarge\",\"maxwidth_align\":\"center\"}}]}]},{\"name\":\"\",\"type\":\"row\",\"props\":{\"fixed_width\":\"large\",\"breakpoint\":\"s\",\"layout\":\",\",\"width\":\"small\",\"gutter\":\"\",\"divider\":true,\"margin\":\"large\"},\"children\":[{\"name\":\"\",\"type\":\"column\",\"props\":{\"image_position\":\"center-center\",\"widths\":[\"\"]},\"children\":[{\"name\":\"\",\"type\":\"headline\",\"props\":{\"title_element\":\"h3\",\"title_style\":\"h6\",\"title_color\":\"muted\",\"content\":\"MANU AADELI\",\"text_align\":\"center\",\"link\":\"mailto:westlook@westlook.fi\",\"link_style\":true}}]},{\"name\":\"\",\"type\":\"column\",\"props\":{\"image_position\":\"center-center\",\"widths\":[\"\"]},\"children\":[{\"name\":\"\",\"type\":\"headline\",\"props\":{\"title_element\":\"h3\",\"title_style\":\"h6\",\"title_color\":\"muted\",\"content\":\"IIDA LAMPI\",\"text_align\":\"center\",\"link\":\"mailto:myyntipalvelu@cafesali.fi\",\"link_style\":true}}]}]},{\"name\":\"\",\"type\":\"row\",\"props\":{\"fixed_width\":\"large\",\"breakpoint\":\"m\",\"layout\":\"1-1\"},\"children\":[{\"name\":\"\",\"type\":\"column\",\"props\":{\"widths\":[\"1-1\"],\"image_position\":\"center-center\"}}]}]},{\"name\":\"\",\"type\":\"section\",\"props\":{\"style\":\"default\",\"width\":\"default\",\"vertical_align\":\"middle\",\"title_position\":\"top-left\",\"title_rotation\":\"left\",\"title_breakpoint\":\"xl\",\"image_position\":\"center-center\"},\"children\":[{\"name\":\"\",\"type\":\"row\",\"props\":{\"fixed_width\":\"large\",\"breakpoint\":\"m\",\"layout\":\"1-1\"},\"children\":[{\"name\":\"\",\"type\":\"column\",\"props\":{\"widths\":[\"1-1\"],\"image_position\":\"center-center\"},\"children\":[{\"name\":\"\",\"type\":\"gallery\",\"props\":{\"show_title\":true,\"show_meta\":true,\"show_content\":true,\"show_link\":true,\"show_hover_image\":true,\"grid_default\":\"1\",\"grid_medium\":\"3\",\"overlay_mode\":\"cover\",\"overlay_position\":\"center\",\"overlay_transition\":\"fade\",\"title_element\":\"h3\",\"meta_style\":\"meta\",\"meta_align\":\"bottom\",\"text_align\":\"center\",\"margin\":\"default\"},\"children\":[{\"name\":\"\",\"type\":\"gallery_item\",\"props\":{\"image\":\"wp-content\\\/uploads\\\/Gallery-vaaka-15.jpg\"}},{\"name\":\"\",\"type\":\"gallery_item\",\"props\":{\"image\":\"wp-content\\\/uploads\\\/Gallery-vaaka-1.jpg\"}},{\"name\":\"\",\"type\":\"gallery_item\",\"props\":{\"image\":\"wp-content\\\/uploads\\\/Gallery-vaaka-7.jpg\"}},{\"name\":\"\",\"type\":\"gallery_item\",\"props\":{\"image\":\"wp-content\\\/uploads\\\/Gallery-vaaka-10.jpg\"}},{\"name\":\"\",\"type\":\"gallery_item\",\"props\":{\"image\":\"wp-content\\\/uploads\\\/Gallery-vaaka-9.jpg\"}},{\"name\":\"\",\"type\":\"gallery_item\",\"props\":{\"image\":\"wp-content\\\/uploads\\\/Gallery-vaaka-4.jpg\"}}]}]}]}]}]} --><\/p>\n","protected":false},"excerpt":{"rendered":"<p>Sparkling Kev\u00e4tn\u00e4yt\u00f6s Kuninkaankadun katukuvassa jo useampana vuonna ihastuttanut kev\u00e4tn\u00e4yt\u00f6s tulee taas 23.5., kun Sparkling Nightin yritykset esittelev\u00e4t kev\u00e4\u00e4n ja kes\u00e4n muotia.N\u00e4yt\u00f6s alkaa klo 16.00. Muotin\u00e4yt\u00f6ksen suosikkiasut p\u00e4\u00e4set shoppailemaan heti n\u00e4yt\u00f6ksen p\u00e4\u00e4tytty\u00e4, sill\u00e4 n\u00e4yt\u00f6ksen j\u00e4lkeen yritykset palvelevat klo 18.00 saakka.Ilmaistapahtuma.@boutiquecameo@candidaoy@kauppahuoneriveri_rauma@cafe_sali@silmaoptikotpalmu@noiehair@westlookrauma@alusasuliikehelmi@heidiadesign@kotivakka SPARKLING NIGHT -YRITT\u00c4J\u00c4T Sparkling Night on vuosittain Raumalla j\u00e4rjestett\u00e4v\u00e4 muotigaala, jossa paikalliset yritykset esittelev\u00e4t kauden uutuuksia [&hellip;]<\/p>\n","protected":false},"author":1,"featured_media":0,"parent":0,"menu_order":3,"comment_status":"closed","ping_status":"closed","template":"","meta":{"footnotes":""},"class_list":["post-25","page","type-page","status-publish","hentry"],"_links":{"self":[{"href":"https:\/\/www.sparklingnight.fi\/index.php?rest_route=\/wp\/v2\/pages\/25","targetHints":{"allow":["GET"]}}],"collection":[{"href":"https:\/\/www.sparklingnight.fi\/index.php?rest_route=\/wp\/v2\/pages"}],"about":[{"href":"https:\/\/www.sparklingnight.fi\/index.php?rest_route=\/wp\/v2\/types\/page"}],"author":[{"embeddable":true,"href":"https:\/\/www.sparklingnight.fi\/index.php?rest_route=\/wp\/v2\/users\/1"}],"replies":[{"embeddable":true,"href":"https:\/\/www.sparklingnight.fi\/index.php?rest_route=%2Fwp%2Fv2%2Fcomments&post=25"}],"version-history":[{"count":151,"href":"https:\/\/www.sparklingnight.fi\/index.php?rest_route=\/wp\/v2\/pages\/25\/revisions"}],"predecessor-version":[{"id":622,"href":"https:\/\/www.sparklingnight.fi\/index.php?rest_route=\/wp\/v2\/pages\/25\/revisions\/622"}],"wp:attachment":[{"href":"https:\/\/www.sparklingnight.fi\/index.php?rest_route=%2Fwp%2Fv2%2Fmedia&parent=25"}],"curies":[{"name":"wp","href":"https:\/\/api.w.org\/{rel}","templated":true}]}}